{"id":2,"date":"2009-08-31T10:46:02","date_gmt":"2009-08-31T10:46:02","guid":{"rendered":"http:\/\/www.mikaelmayer.com\/reflex\/?page_id=2"},"modified":"2013-12-30T09:59:02","modified_gmt":"2013-12-30T09:59:02","slug":"a-propos","status":"publish","type":"page","link":"http:\/\/www.mikaelmayer.com\/reflex\/a-propos\/","title":{"rendered":"\u00c0 propos"},"content":{"rendered":"<p>Mika\u00ebl Mayer est doctorant en informatique \u00e0 l'<a href=\"http:\/\/www.epfl.ch\">EPFL<\/a> (Lausanne, Suisse), et fait actuellement sa th\u00e8se de doctorat au <a href=\"http:\/\/lara.epfl.ch\/\" target=\"_blank\">LARA<\/a>.<\/p>\n<p>Il a auparavant \u00e9tudi\u00e9 \u00e0 l'<a href=\"http:\/\/www.polytechnique.fr\/\" target=\"_blank\">\u00c9cole Polytechnique (France)<\/a>.<\/p>\n<p><!--Le principal d\u00e9faut actuel est le manque de flexibilit\u00e9 sur la grammaire utilis\u00e9e, qui ne permet pas d'assigner des fonctions \u00e0 des variables.--><\/p>\n<div id=\"_mcePaste\" style=\"position: absolute; left: -10000px; top: 0px; width: 1px; height: 1px; overflow-x: hidden; overflow-y: hidden;\">c\u0153ur<\/div>\n<p><\/p>","protected":false},"excerpt":{"rendered":"<p>Mika\u00ebl Mayer est doctorant en informatique \u00e0 l'EPFL (Lausanne, Suisse), et fait actuellement sa th\u00e8se de doctorat au LARA. Il a auparavant \u00e9tudi\u00e9 \u00e0 l'\u00c9cole Polytechnique (France). c\u0153ur<\/p>\n","protected":false},"author":1,"featured_media":0,"parent":0,"menu_order":3,"comment_status":"open","ping_status":"open","template":"","meta":{"_mi_skip_tracking":false,"ngg_post_thumbnail":0},"_links":{"self":[{"href":"http:\/\/www.mikaelmayer.com\/reflex\/wp-json\/wp\/v2\/pages\/2"}],"collection":[{"href":"http:\/\/www.mikaelmayer.com\/reflex\/wp-json\/wp\/v2\/pages"}],"about":[{"href":"http:\/\/www.mikaelmayer.com\/reflex\/wp-json\/wp\/v2\/types\/page"}],"author":[{"embeddable":true,"href":"http:\/\/www.mikaelmayer.com\/reflex\/wp-json\/wp\/v2\/users\/1"}],"replies":[{"embeddable":true,"href":"http:\/\/www.mikaelmayer.com\/reflex\/wp-json\/wp\/v2\/comments?post=2"}],"version-history":[{"count":11,"href":"http:\/\/www.mikaelmayer.com\/reflex\/wp-json\/wp\/v2\/pages\/2\/revisions"}],"predecessor-version":[{"id":200,"href":"http:\/\/www.mikaelmayer.com\/reflex\/wp-json\/wp\/v2\/pages\/2\/revisions\/200"}],"wp:attachment":[{"href":"http:\/\/www.mikaelmayer.com\/reflex\/wp-json\/wp\/v2\/media?parent=2"}],"curies":[{"name":"wp","href":"https:\/\/api.w.org\/{rel}","templated":true}]}}